{"id":5929,"date":"2024-02-13T19:02:50","date_gmt":"2024-02-13T18:02:50","guid":{"rendered":"https:\/\/oriconcept.com\/?page_id=5929"},"modified":"2024-05-17T05:00:58","modified_gmt":"2024-05-17T03:00:58","slug":"reciclados","status":"publish","type":"page","link":"https:\/\/oriconcept.com\/index.php\/reciclados\/","title":{"rendered":"Reciclados"},"content":{"rendered":"\t\t<div data-elementor-type=\"wp-page\" data-elementor-id=\"5929\" class=\"elementor elementor-5929\" data-elementor-post-type=\"page\">\n\t\t\t\t\t\t\t<div data-particle_enable=\"false\" data-particle-mobile-disabled=\"false\" class=\"elementor-element elementor-element-8f4ab7c e-con-full e-flex e-con e-parent\" data-id=\"8f4ab7c\" data-element_type=\"container\" data-settings=\"{&quot;content_width&quot;:&quot;full&quot;,&quot;background_background&quot;:&quot;classic&quot;}\" data-core-v316-plus=\"true\">\n\t\t\t\t<div class=\"elementor-element elementor-element-7b719c9 elementor-widget__width-initial elementor-absolute elementor-widget elementor-widget-image\" data-id=\"7b719c9\" data-element_type=\"widget\" data-settings=\"{&quot;_position&quot;:&quot;absolute&quot;,&quot;motion_fx_motion_fx_mouse&quot;:&quot;yes&quot;,&quot;motion_fx_mouseTrack_effect&quot;:&quot;yes&quot;,&quot;motion_fx_tilt_effect&quot;:&quot;yes&quot;,&quot;motion_fx_tilt_speed&quot;:{&quot;unit&quot;:&quot;px&quot;,&quot;size&quot;:2,&quot;sizes&quot;:[]},&quot;motion_fx_mouseTrack_speed&quot;:{&quot;unit&quot;:&quot;px&quot;,&quot;size&quot;:1,&quot;sizes&quot;:[]}}\" data-widget_type=\"image.default\">\n\t\t\t\t<div class=\"elementor-widget-container\">\n\t\t\t<style>\/*! elementor - v3.17.0 - 08-11-2023 *\/\n.elementor-widget-image{text-align:center}.elementor-widget-image a{display:inline-block}.elementor-widget-image a img[src$=\".svg\"]{width:48px}.elementor-widget-image img{vertical-align:middle;display:inline-block}<\/style>\t\t\t\t\t\t\t\t\t\t\t\t<img decoding=\"async\" width=\"265\" height=\"148\" src=\"https:\/\/oriconcept.com\/wp-content\/uploads\/2024\/05\/ORI-CONCEPT-Edits2-edits-S-II-21042024-30-1-1.png\" class=\"attachment-medium_large size-medium_large wp-image-7277\" alt=\"\" \/>\t\t\t\t\t\t\t\t\t\t\t\t\t\t\t<\/div>\n\t\t\t\t<\/div>\n\t\t\t\t<div class=\"elementor-element elementor-element-486ad17 elementor-widget__width-initial elementor-absolute elementor-widget elementor-widget-image\" data-id=\"486ad17\" data-element_type=\"widget\" data-settings=\"{&quot;_position&quot;:&quot;absolute&quot;,&quot;motion_fx_motion_fx_mouse&quot;:&quot;yes&quot;,&quot;motion_fx_mouseTrack_effect&quot;:&quot;yes&quot;,&quot;motion_fx_mouseTrack_speed&quot;:{&quot;unit&quot;:&quot;px&quot;,&quot;size&quot;:1,&quot;sizes&quot;:[]}}\" data-widget_type=\"image.default\">\n\t\t\t\t<div class=\"elementor-widget-container\">\n\t\t\t\t\t\t\t\t\t\t\t\t\t\t\t<img fetchpriority=\"high\" decoding=\"async\" width=\"264\" height=\"353\" src=\"https:\/\/oriconcept.com\/wp-content\/uploads\/2024\/05\/ORI-CONCEPT-Edits2-edits-S-II-21042024-27-1-1.png\" class=\"attachment-medium_large size-medium_large wp-image-7278\" alt=\"\" srcset=\"https:\/\/oriconcept.com\/wp-content\/uploads\/2024\/05\/ORI-CONCEPT-Edits2-edits-S-II-21042024-27-1-1.png 264w, https:\/\/oriconcept.com\/wp-content\/uploads\/2024\/05\/ORI-CONCEPT-Edits2-edits-S-II-21042024-27-1-1-224x300.png 224w\" sizes=\"(max-width: 264px) 100vw, 264px\" \/>\t\t\t\t\t\t\t\t\t\t\t\t\t\t\t<\/div>\n\t\t\t\t<\/div>\n\t\t\t\t<div class=\"elementor-element elementor-element-60970ca elementor-widget__width-initial elementor-absolute elementor-widget elementor-widget-image\" data-id=\"60970ca\" data-element_type=\"widget\" data-settings=\"{&quot;_position&quot;:&quot;absolute&quot;,&quot;motion_fx_motion_fx_mouse&quot;:&quot;yes&quot;,&quot;motion_fx_mouseTrack_effect&quot;:&quot;yes&quot;,&quot;motion_fx_mouseTrack_speed&quot;:{&quot;unit&quot;:&quot;px&quot;,&quot;size&quot;:1,&quot;sizes&quot;:[]}}\" data-widget_type=\"image.default\">\n\t\t\t\t<div class=\"elementor-widget-container\">\n\t\t\t\t\t\t\t\t\t\t\t\t\t\t\t<img decoding=\"async\" width=\"122\" height=\"122\" src=\"https:\/\/oriconcept.com\/wp-content\/uploads\/2024\/05\/ORI-CONCEPT-Edits2-edits-S-II23042024-3-1-1.png\" class=\"attachment-thumbnail size-thumbnail wp-image-7276\" alt=\"\" \/>\t\t\t\t\t\t\t\t\t\t\t\t\t\t\t<\/div>\n\t\t\t\t<\/div>\n\t\t\t\t<div class=\"elementor-element elementor-element-6a301e8 elementor-widget__width-initial elementor-absolute elementor-widget elementor-widget-image\" data-id=\"6a301e8\" data-element_type=\"widget\" data-settings=\"{&quot;_position&quot;:&quot;absolute&quot;,&quot;motion_fx_motion_fx_mouse&quot;:&quot;yes&quot;,&quot;motion_fx_mouseTrack_effect&quot;:&quot;yes&quot;,&quot;motion_fx_mouseTrack_speed&quot;:{&quot;unit&quot;:&quot;px&quot;,&quot;size&quot;:1,&quot;sizes&quot;:[]}}\" data-widget_type=\"image.default\">\n\t\t\t\t<div class=\"elementor-widget-container\">\n\t\t\t\t\t\t\t\t\t\t\t\t\t\t\t<img loading=\"lazy\" decoding=\"async\" width=\"150\" height=\"150\" src=\"https:\/\/oriconcept.com\/wp-content\/uploads\/2024\/05\/ORI-CONCEPT-Edits2-edits-S-II-21042024-26-1-1-150x150.png\" class=\"attachment-thumbnail size-thumbnail wp-image-7275\" alt=\"\" srcset=\"https:\/\/oriconcept.com\/wp-content\/uploads\/2024\/05\/ORI-CONCEPT-Edits2-edits-S-II-21042024-26-1-1-150x150.png 150w, https:\/\/oriconcept.com\/wp-content\/uploads\/2024\/05\/ORI-CONCEPT-Edits2-edits-S-II-21042024-26-1-1.png 264w\" sizes=\"(max-width: 150px) 100vw, 150px\" \/>\t\t\t\t\t\t\t\t\t\t\t\t\t\t\t<\/div>\n\t\t\t\t<\/div>\n\t\t\t\t<div class=\"elementor-element elementor-element-d5a881b elementor-widget elementor-widget-heading\" data-id=\"d5a881b\" data-element_type=\"widget\" data-widget_type=\"heading.default\">\n\t\t\t\t<div class=\"elementor-widget-container\">\n\t\t\t<style>\/*! elementor - v3.17.0 - 08-11-2023 *\/\n.elementor-heading-title{padding:0;margin:0;line-height:1}.elementor-widget-heading .elementor-heading-title[class*=elementor-size-]>a{color:inherit;font-size:inherit;line-height:inherit}.elementor-widget-heading .elementor-heading-title.elementor-size-small{font-size:15px}.elementor-widget-heading .elementor-heading-title.elementor-size-medium{font-size:19px}.elementor-widget-heading .elementor-heading-title.elementor-size-large{font-size:29px}.elementor-widget-heading .elementor-heading-title.elementor-size-xl{font-size:39px}.elementor-widget-heading .elementor-heading-title.elementor-size-xxl{font-size:59px}<\/style><h2 class=\"elementor-heading-title elementor-size-default\">RECICLADO<\/h2>\t\t<\/div>\n\t\t\t\t<\/div>\n\t\t\t\t<\/div>\n\t\t<div data-particle_enable=\"false\" data-particle-mobile-disabled=\"false\" class=\"elementor-element elementor-element-ab92ca7 e-con-full e-flex e-con e-parent\" data-id=\"ab92ca7\" data-element_type=\"container\" data-settings=\"{&quot;content_width&quot;:&quot;full&quot;,&quot;background_background&quot;:&quot;classic&quot;}\" data-core-v316-plus=\"true\">\n\t\t<div data-particle_enable=\"false\" data-particle-mobile-disabled=\"false\" class=\"elementor-element elementor-element-1a2cd42 e-flex e-con-boxed e-con e-child\" data-id=\"1a2cd42\" data-element_type=\"container\" data-settings=\"{&quot;content_width&quot;:&quot;boxed&quot;}\">\n\t\t\t\t\t<div class=\"e-con-inner\">\n\t\t\t\t<div class=\"elementor-element elementor-element-4ef429f elementor-widget elementor-widget-image\" data-id=\"4ef429f\" data-element_type=\"widget\" data-widget_type=\"image.default\">\n\t\t\t\t<div class=\"elementor-widget-container\">\n\t\t\t\t\t\t\t\t\t\t\t\t\t\t\t<img loading=\"lazy\" decoding=\"async\" width=\"800\" height=\"450\" src=\"https:\/\/oriconcept.com\/wp-content\/uploads\/2024\/02\/image-14-1024x576-1.png\" class=\"attachment-large size-large wp-image-5955\" alt=\"\" srcset=\"https:\/\/oriconcept.com\/wp-content\/uploads\/2024\/02\/image-14-1024x576-1.png 1024w, https:\/\/oriconcept.com\/wp-content\/uploads\/2024\/02\/image-14-1024x576-1-300x169.png 300w, https:\/\/oriconcept.com\/wp-content\/uploads\/2024\/02\/image-14-1024x576-1-768x432.png 768w\" sizes=\"(max-width: 800px) 100vw, 800px\" \/>\t\t\t\t\t\t\t\t\t\t\t\t\t\t\t<\/div>\n\t\t\t\t<\/div>\n\t\t\t\t\t<\/div>\n\t\t\t\t<\/div>\n\t\t\t\t<\/div>\n\t\t<div data-particle_enable=\"false\" data-particle-mobile-disabled=\"false\" class=\"elementor-element elementor-element-0013d96 e-con-full e-flex e-con e-parent\" data-id=\"0013d96\" data-element_type=\"container\" data-settings=\"{&quot;content_width&quot;:&quot;full&quot;,&quot;background_background&quot;:&quot;classic&quot;}\" data-core-v316-plus=\"true\">\n\t\t<div data-particle_enable=\"false\" data-particle-mobile-disabled=\"false\" class=\"elementor-element elementor-element-f55b0d2 e-con-full e-flex e-con e-child\" data-id=\"f55b0d2\" data-element_type=\"container\" data-settings=\"{&quot;content_width&quot;:&quot;full&quot;}\">\n\t\t\t\t<div class=\"elementor-element elementor-element-7f8c1f1 elementor-widget__width-initial elementor-widget-mobile__width-initial elementor-widget elementor-widget-heading\" data-id=\"7f8c1f1\" data-element_type=\"widget\" data-widget_type=\"heading.default\">\n\t\t\t\t<div class=\"elementor-widget-container\">\n\t\t\t<h2 class=\"elementor-heading-title elementor-size-default\">Hilando nuestros textiles desde el origen.<\/h2>\t\t<\/div>\n\t\t\t\t<\/div>\n\t\t\t\t<\/div>\n\t\t<div data-particle_enable=\"false\" data-particle-mobile-disabled=\"false\" class=\"elementor-element elementor-element-61c0536 e-con-full e-flex e-con e-child\" data-id=\"61c0536\" data-element_type=\"container\" data-settings=\"{&quot;content_width&quot;:&quot;full&quot;}\">\n\t\t\t\t<div class=\"elementor-element elementor-element-744a6b7 elementor-widget__width-initial elementor-widget-mobile__width-initial elementor-widget elementor-widget-heading\" data-id=\"744a6b7\" data-element_type=\"widget\" data-widget_type=\"heading.default\">\n\t\t\t\t<div class=\"elementor-widget-container\">\n\t\t\t<h2 class=\"elementor-heading-title elementor-size-default\">Reutilizar. Tratar.<br>\nCrear algo nuevo.<\/h2>\t\t<\/div>\n\t\t\t\t<\/div>\n\t\t\t\t<div class=\"elementor-element elementor-element-897df73 elementor-widget__width-initial elementor-widget-mobile__width-initial elementor-widget elementor-widget-text-editor\" data-id=\"897df73\" data-element_type=\"widget\" data-widget_type=\"text-editor.default\">\n\t\t\t\t<div class=\"elementor-widget-container\">\n\t\t\t<style>\/*! elementor - v3.17.0 - 08-11-2023 *\/\n.elementor-widget-text-editor.elementor-drop-cap-view-stacked .elementor-drop-cap{background-color:#69727d;color:#fff}.elementor-widget-text-editor.elementor-drop-cap-view-framed .elementor-drop-cap{color:#69727d;border:3px solid;background-color:transparent}.elementor-widget-text-editor:not(.elementor-drop-cap-view-default) .elementor-drop-cap{margin-top:8px}.elementor-widget-text-editor:not(.elementor-drop-cap-view-default) .elementor-drop-cap-letter{width:1em;height:1em}.elementor-widget-text-editor .elementor-drop-cap{float:left;text-align:center;line-height:1;font-size:50px}.elementor-widget-text-editor .elementor-drop-cap-letter{display:inline-block}<\/style>\t\t\t\t<p>Tenemos como base fundamental una orientaci\u00f3n\u00a0<strong><span class=\"notion-enable-hover\" data-token-index=\"1\">100%<\/span>\u00a0<span class=\"notion-enable-hover\" data-token-index=\"3\">responsable y activa<\/span>\u00a0<\/strong>respecto a mejoras para evitar el impacto del ser humano en el mundo La sostenibilidad est\u00e1 interiorizada en el alma del grupo, con pr\u00e1cticamente la mitad de los proyectos internos de innovaci\u00f3n incluyendo objetivos de mejora en esta materia. Merced a ello, en 2023, Interfabrics ha sido reconocida con el premio Empresa y Sostenibilidad del Banco Sabadell-Levante El Mercantil Valenciano, en la categor\u00eda de Responsabilidad Social Corporativa.<\/p><p>La credibilidad de nuestras acciones viene respaldada por el mantenimiento de los certificados\u00a0ISO 14001\u00a0(Gesti\u00f3n Medioambiental),\u00a045001\u00a0(Salud y Seguridad en el Trabajo) e ISO 9001 (Gesti\u00f3n de la Calidad), as\u00ed como los sellos\u00a0Zero Waste\u00a0to landfill (Residuo Cero a Vertedero) o\u00a0\u201cFent empresa, iguals en oportunitats\u201d\u00a0que otorga la Generalitat Valenciana a las empresas que van un paso m\u00e1s all\u00e1 en la inclusi\u00f3n laboral.<\/p>\t\t\t\t\t\t<\/div>\n\t\t\t\t<\/div>\n\t\t\t\t<\/div>\n\t\t<div data-particle_enable=\"false\" data-particle-mobile-disabled=\"false\" class=\"elementor-element elementor-element-26d0973 e-con-full e-flex e-con e-child\" data-id=\"26d0973\" data-element_type=\"container\" data-settings=\"{&quot;content_width&quot;:&quot;full&quot;}\">\n\t\t\t\t<div class=\"elementor-element elementor-element-6c881ef elementor-widget__width-initial elementor-widget-mobile__width-initial elementor-widget elementor-widget-heading\" data-id=\"6c881ef\" data-element_type=\"widget\" data-widget_type=\"heading.default\">\n\t\t\t\t<div class=\"elementor-widget-container\">\n\t\t\t<h2 class=\"elementor-heading-title elementor-size-default\">\u00bfC\u00f3mo es el proceso?<\/h2>\t\t<\/div>\n\t\t\t\t<\/div>\n\t\t\t\t<div class=\"elementor-element elementor-element-40316e1 elementor-widget__width-initial elementor-widget-mobile__width-initial elementor-widget elementor-widget-text-editor\" data-id=\"40316e1\" data-element_type=\"widget\" data-widget_type=\"text-editor.default\">\n\t\t\t\t<div class=\"elementor-widget-container\">\n\t\t\t\t\t\t\t<p><strong>ORI<\/strong> se fabrica a partir de hilos reciclados provenientes de botellas. Se fabrican en color directamente y no necesitan agua para ser tintados, resultando en un producto con m\u00e1s solidez a la luz, al leg\u00eda y el agua clorada que los hilos normales.<\/p>\t\t\t\t\t\t<\/div>\n\t\t\t\t<\/div>\n\t\t\t\t<\/div>\n\t\t<div data-particle_enable=\"false\" data-particle-mobile-disabled=\"false\" class=\"elementor-element elementor-element-37b5499 e-con-full e-flex e-con e-child\" data-id=\"37b5499\" data-element_type=\"container\" data-settings=\"{&quot;content_width&quot;:&quot;full&quot;,&quot;background_background&quot;:&quot;classic&quot;}\">\n\t\t\t\t<\/div>\n\t\t\t\t<\/div>\n\t\t<div data-particle_enable=\"false\" data-particle-mobile-disabled=\"false\" class=\"elementor-element elementor-element-e2ea6a9 e-con-full e-flex e-con e-parent\" data-id=\"e2ea6a9\" data-element_type=\"container\" data-settings=\"{&quot;content_width&quot;:&quot;full&quot;,&quot;background_background&quot;:&quot;classic&quot;}\" data-core-v316-plus=\"true\">\n\t\t<div data-particle_enable=\"false\" data-particle-mobile-disabled=\"false\" class=\"elementor-element elementor-element-8ca8ef0 e-con-full e-flex e-con e-child\" data-id=\"8ca8ef0\" data-element_type=\"container\" data-settings=\"{&quot;content_width&quot;:&quot;full&quot;}\">\n\t\t\t\t<div class=\"elementor-element elementor-element-84a1d9d elementor-widget elementor-widget-heading\" data-id=\"84a1d9d\" data-element_type=\"widget\" data-widget_type=\"heading.default\">\n\t\t\t\t<div class=\"elementor-widget-container\">\n\t\t\t<h2 class=\"elementor-heading-title elementor-size-default\">Reducimos nuestra<br>\nhuella de carbono<\/h2>\t\t<\/div>\n\t\t\t\t<\/div>\n\t\t\t\t<\/div>\n\t\t<div data-particle_enable=\"false\" data-particle-mobile-disabled=\"false\" class=\"elementor-element elementor-element-7cd274e e-con-full e-flex e-con e-child\" data-id=\"7cd274e\" data-element_type=\"container\" data-settings=\"{&quot;content_width&quot;:&quot;full&quot;}\">\n\t\t\t\t<div class=\"elementor-element elementor-element-c7e4347 elementor-widget elementor-widget-heading\" data-id=\"c7e4347\" data-element_type=\"widget\" data-widget_type=\"heading.default\">\n\t\t\t\t<div class=\"elementor-widget-container\">\n\t\t\t<h2 class=\"elementor-heading-title elementor-size-medium\"><b>01.<\/b><br>\nComo resultado de no utilizar hidrocarburos v\u00edrgenes y alargar el ciclo de vida del carbono presente en la primera fabricaci\u00f3n de los pol\u00edmeros.<\/h2>\t\t<\/div>\n\t\t\t\t<\/div>\n\t\t\t\t<\/div>\n\t\t<div data-particle_enable=\"false\" data-particle-mobile-disabled=\"false\" class=\"elementor-element elementor-element-537837d e-con-full e-flex e-con e-child\" data-id=\"537837d\" data-element_type=\"container\" data-settings=\"{&quot;content_width&quot;:&quot;full&quot;}\">\n\t\t\t\t<div class=\"elementor-element elementor-element-7ea4bdd elementor-widget elementor-widget-heading\" data-id=\"7ea4bdd\" data-element_type=\"widget\" data-widget_type=\"heading.default\">\n\t\t\t\t<div class=\"elementor-widget-container\">\n\t\t\t<h2 class=\"elementor-heading-title elementor-size-medium\"><b>02.<\/b><br> \nLos hilos de ORI no necesitan agua para ser tintados, con lo cual la huella h\u00eddrica en el ciclo de vida se minimiza dr\u00e1sticamente.<\/h2>\t\t<\/div>\n\t\t\t\t<\/div>\n\t\t\t\t<\/div>\n\t\t<div data-particle_enable=\"false\" data-particle-mobile-disabled=\"false\" class=\"elementor-element elementor-element-4da6e8c e-con-full e-flex e-con e-child\" data-id=\"4da6e8c\" data-element_type=\"container\" data-settings=\"{&quot;content_width&quot;:&quot;full&quot;}\">\n\t\t\t\t<div class=\"elementor-element elementor-element-2f54303 elementor-widget-mobile__width-initial elementor-widget elementor-widget-heading\" data-id=\"2f54303\" data-element_type=\"widget\" data-widget_type=\"heading.default\">\n\t\t\t\t<div class=\"elementor-widget-container\">\n\t\t\t<h2 class=\"elementor-heading-title elementor-size-medium\"><b>03.<\/b><br> \nEste proceso resulta en textiles duraderos con alta resistencia al frote, a la luz, a la lej\u00eda, a los lavados, a la descarga, al agua, al sudor, etc.<\/h2>\t\t<\/div>\n\t\t\t\t<\/div>\n\t\t\t\t<\/div>\n\t\t\t\t<\/div>\n\t\t\t\t\t\t\t<\/div>\n\t\t","protected":false},"excerpt":{"rendered":"<p>RECICLADO Hilando nuestros textiles desde el origen. Reutilizar. Tratar. Crear algo nuevo. Tenemos como base fundamental una orientaci\u00f3n\u00a0100%\u00a0responsable y activa\u00a0respecto a mejoras para evitar el impacto del ser humano en el mundo La sostenibilidad est\u00e1 interiorizada en el alma del grupo, con pr\u00e1cticamente la mitad de los proyectos internos de innovaci\u00f3n incluyendo objetivos de mejora [&hellip;]<\/p>\n","protected":false},"author":1,"featured_media":0,"parent":0,"menu_order":0,"comment_status":"closed","ping_status":"closed","template":"","meta":{"footnotes":""},"class_list":["post-5929","page","type-page","status-publish","hentry"],"acf":[],"_links":{"self":[{"href":"https:\/\/oriconcept.com\/index.php\/wp-json\/wp\/v2\/pages\/5929","targetHints":{"allow":["GET"]}}],"collection":[{"href":"https:\/\/oriconcept.com\/index.php\/wp-json\/wp\/v2\/pages"}],"about":[{"href":"https:\/\/oriconcept.com\/index.php\/wp-json\/wp\/v2\/types\/page"}],"author":[{"embeddable":true,"href":"https:\/\/oriconcept.com\/index.php\/wp-json\/wp\/v2\/users\/1"}],"replies":[{"embeddable":true,"href":"https:\/\/oriconcept.com\/index.php\/wp-json\/wp\/v2\/comments?post=5929"}],"version-history":[{"count":56,"href":"https:\/\/oriconcept.com\/index.php\/wp-json\/wp\/v2\/pages\/5929\/revisions"}],"predecessor-version":[{"id":7282,"href":"https:\/\/oriconcept.com\/index.php\/wp-json\/wp\/v2\/pages\/5929\/revisions\/7282"}],"wp:attachment":[{"href":"https:\/\/oriconcept.com\/index.php\/wp-json\/wp\/v2\/media?parent=5929"}],"curies":[{"name":"wp","href":"https:\/\/api.w.org\/{rel}","templated":true}]}}